{"id":2,"date":"2011-01-21T15:26:18","date_gmt":"2011-01-21T19:56:18","guid":{"rendered":"http:\/\/saunasyosika.com\/site\/?page_id=2"},"modified":"2011-01-31T15:09:56","modified_gmt":"2011-01-31T19:39:56","slug":"acerca-de","status":"publish","type":"page","link":"https:\/\/webanterior.saunasyosika.com\/?page_id=2","title":{"rendered":"Quienes Somos"},"content":{"rendered":"<p><img decoding=\"async\" loading=\"lazy\" class=\"alignleft\" src=\"http:\/\/saunasyosika.com\/site\/wp-content\/uploads\/sa2.jpg\" alt=\"\" width=\"357\" height=\"238\" \/>Somos una empresa con 24 a\u00f1os de experiencia en  el dise\u00f1o <!--more-->y construcci\u00f3n\u00a0de Sauna tipo Finlandes y equipamientos de  Ba\u00f1os turcos o cuartos de vapor.<br \/>\nComo fabricantes nos adaptamos a espacio y dise\u00f1o, para satisfacer las  exigencias de nuestros clientes, y les brindamos la asesor\u00eda necesaria  para optimizar la utilizaci\u00f3n de los mismos.<\/p>\n","protected":false},"excerpt":{"rendered":"<p>Somos una empresa con 24 a\u00f1os de experiencia en el dise\u00f1o<\/p>\n","protected":false},"author":1,"featured_media":0,"parent":0,"menu_order":0,"comment_status":"closed","ping_status":"closed","template":"template-fullwidth.php","meta":[],"_links":{"self":[{"href":"https:\/\/webanterior.saunasyosika.com\/index.php?rest_route=\/wp\/v2\/pages\/2"}],"collection":[{"href":"https:\/\/webanterior.saunasyosika.com\/index.php?rest_route=\/wp\/v2\/pages"}],"about":[{"href":"https:\/\/webanterior.saunasyosika.com\/index.php?rest_route=\/wp\/v2\/types\/page"}],"author":[{"embeddable":true,"href":"https:\/\/webanterior.saunasyosika.com\/index.php?rest_route=\/wp\/v2\/users\/1"}],"replies":[{"embeddable":true,"href":"https:\/\/webanterior.saunasyosika.com\/index.php?rest_route=%2Fwp%2Fv2%2Fcomments&post=2"}],"version-history":[{"count":20,"href":"https:\/\/webanterior.saunasyosika.com\/index.php?rest_route=\/wp\/v2\/pages\/2\/revisions"}],"predecessor-version":[{"id":64,"href":"https:\/\/webanterior.saunasyosika.com\/index.php?rest_route=\/wp\/v2\/pages\/2\/revisions\/64"}],"wp:attachment":[{"href":"https:\/\/webanterior.saunasyosika.com\/index.php?rest_route=%2Fwp%2Fv2%2Fmedia&parent=2"}],"curies":[{"name":"wp","href":"https:\/\/api.w.org\/{rel}","templated":true}]}}