{"id":21,"date":"2011-01-21T19:28:57","date_gmt":"2011-01-21T23:58:57","guid":{"rendered":"http:\/\/saunasyosika.com\/site\/?page_id=21"},"modified":"2011-02-02T08:52:30","modified_gmt":"2011-02-02T13:22:30","slug":"saunas","status":"publish","type":"page","link":"https:\/\/webanterior.saunasyosika.com\/?page_id=21","title":{"rendered":"Saunas"},"content":{"rendered":"<blockquote>\n<h3>SU INVERSION EN SALUD<\/h3>\n<\/blockquote>\n<p>Le ofrecemos equipos para Sauna tipo finlandes  con calor infrarrojo, que  adem\u00e1s de proporcionar una sensaci\u00f3n de  relajaci\u00f3n, estimula la sudoraci\u00f3n, ayudando a la eliminaci\u00f3n de  radicales libres.<br \/>\nEntre otros muchos beneficios, este calor infrarrojo alivia los dolores  musculares, como tambi\u00e9n los ocasionados por los efectos de la artritis.  Equilibra el ph de la sangre, evitando as\u00ed la osteoporosis.<br \/>\nMejora notablemente la circulaci\u00f3n, proporcionando as\u00ed mayor nivel de ox\u00edgeno a nuestro cerebro.<br \/>\nCombate el insonio, equilibra la energia y reduce el estr\u00e9s.<\/p>\n<p>Elimina los s\u00edntomas menores de resfriado com\u00fan:<\/p>\n<p><strong>VAPOR:<\/strong> Convertimos su ducha en un verdadero<\/p>\n<p>BA\u00d1O TURCO, con nuestros equipos generadores de  vapor, fabricados en acero inoxidable, para uso residencial; le  brindamos toda la asesor\u00eda posible para hacer las modifificaciones  necesarias y convertirlo en un espacio para su relajaci\u00f3n.<\/p>\n","protected":false},"excerpt":{"rendered":"<p>SU INVERSION EN SALUD Le ofrecemos equipos para Sauna tipo finlandes con calor infrarrojo, que adem\u00e1s de proporcionar una sensaci\u00f3n de relajaci\u00f3n, estimula la sudoraci\u00f3n, ayudando a la eliminaci\u00f3n de radicales libres. Entre otros muchos beneficios, este calor infrarrojo alivia los dolores musculares, como tambi\u00e9n los ocasionados por los efectos de la artritis. Equilibra el [&hellip;]<\/p>\n","protected":false},"author":1,"featured_media":0,"parent":0,"menu_order":0,"comment_status":"closed","ping_status":"closed","template":"template-fullwidth.php","meta":[],"_links":{"self":[{"href":"https:\/\/webanterior.saunasyosika.com\/index.php?rest_route=\/wp\/v2\/pages\/21"}],"collection":[{"href":"https:\/\/webanterior.saunasyosika.com\/index.php?rest_route=\/wp\/v2\/pages"}],"about":[{"href":"https:\/\/webanterior.saunasyosika.com\/index.php?rest_route=\/wp\/v2\/types\/page"}],"author":[{"embeddable":true,"href":"https:\/\/webanterior.saunasyosika.com\/index.php?rest_route=\/wp\/v2\/users\/1"}],"replies":[{"embeddable":true,"href":"https:\/\/webanterior.saunasyosika.com\/index.php?rest_route=%2Fwp%2Fv2%2Fcomments&post=21"}],"version-history":[{"count":15,"href":"https:\/\/webanterior.saunasyosika.com\/index.php?rest_route=\/wp\/v2\/pages\/21\/revisions"}],"predecessor-version":[{"id":72,"href":"https:\/\/webanterior.saunasyosika.com\/index.php?rest_route=\/wp\/v2\/pages\/21\/revisions\/72"}],"wp:attachment":[{"href":"https:\/\/webanterior.saunasyosika.com\/index.php?rest_route=%2Fwp%2Fv2%2Fmedia&parent=21"}],"curies":[{"name":"wp","href":"https:\/\/api.w.org\/{rel}","templated":true}]}}